{"id":85,"date":"2022-08-29T18:28:59","date_gmt":"2022-08-29T16:28:59","guid":{"rendered":"http:\/\/peugeot605.es\/?page_id=85"},"modified":"2023-11-04T18:36:12","modified_gmt":"2023-11-04T17:36:12","slug":"la-gran-creacion","status":"publish","type":"page","link":"https:\/\/peugeot605.es\/","title":{"rendered":"LA GRAN CREACION DE PEUGEOT"},"content":{"rendered":"\n<div class=\"wp-block-image is-style-default\"><figure class=\"aligncenter size-large\"><img loading=\"lazy\" decoding=\"async\" width=\"1024\" height=\"379\" src=\"https:\/\/peugeot605.es\/wp-content\/uploads\/2020\/11\/cropped-6159455_20141023025745-1024x379.jpg\" alt=\"\" class=\"wp-image-11\" srcset=\"https:\/\/peugeot605.es\/wp-content\/uploads\/2020\/11\/cropped-6159455_20141023025745-1024x379.jpg 1024w, https:\/\/peugeot605.es\/wp-content\/uploads\/2020\/11\/cropped-6159455_20141023025745-300x111.jpg 300w, https:\/\/peugeot605.es\/wp-content\/uploads\/2020\/11\/cropped-6159455_20141023025745-768x285.jpg 768w, https:\/\/peugeot605.es\/wp-content\/uploads\/2020\/11\/cropped-6159455_20141023025745-938x348.jpg 938w, https:\/\/peugeot605.es\/wp-content\/uploads\/2020\/11\/cropped-6159455_20141023025745.jpg 1309w\" sizes=\"auto, (max-width: 1024px) 100vw, 1024px\" \/><\/figure><\/div>\n\n\n\n<p class=\"has-text-align-left\">Un modelo poco com\u00fan hoy en d\u00eda en las carreteras espa\u00f1olas, pero al mismo tiempo se trata de un veh\u00edculo que se code\u00f3, por relaci\u00f3n calidad precio, con las grandes berlinas del segmento entre los a\u00f1os 90 y 2000.<\/p>\n\n\n\n<p class=\"has-text-align-left\">Creo que se trata de un modelo que merece la pena ser conocido, recordado y coleccionado. Este es el principal fin de esta web de\u00a0<strong>AMIGOS DEL PEUGEOT 605 en ESPA\u00d1A<\/strong>.<\/p>\n\n\n\n<p>Intentamos recopilar toda aquella informaci\u00f3n relevante y relacionada directa o indirectamente con este veh\u00edculo, facilitando a nuestra comunidad de amigos todo lo necesario, tanto para la restauraci\u00f3n como para el mantenimiento de su 605.<\/p>\n\n\n\n<p>Desde este grupo, trabajamos para actuar como asesores de nuestros amigos. De esta manera facilitamos todo tipo de tramitaciones, tanto a nivel institucional como privado. Entre ellas, la tramitaci\u00f3n de&nbsp;<em>subvenciones<\/em>&nbsp;o&nbsp;<em>exenciones de impuestos<\/em>, certificado para la&nbsp;<em>I.T.V.<\/em>&nbsp;y la documentaci\u00f3n de&nbsp;<em>Veh\u00edculo Hist\u00f3rico<\/em>.<\/p>\n\n\n\n<p>Queremos crear un archivo hist\u00f3rico de los&nbsp;Peugeot 605&nbsp;existentes, censar los que quedan circulando y saber su estado de conservaci\u00f3n. Adem\u00e1s intentamos no perder el veh\u00edculo, agreg\u00e1ndolo a la bolsa de cl\u00e1sicos del parque automovil\u00edstico de Espa\u00f1a.<\/p>\n\n\n\n<p>Esperamos entre todos intentar crear un grupo de amigos que disfruten de sus veh\u00edculos.<\/p>\n\n\n\n<p>Gracias a todos y bienvenidos!!!<\/p>\n","protected":false},"excerpt":{"rendered":"<p>Un modelo poco com\u00fan hoy en d\u00eda en las carreteras espa\u00f1olas, pero al mismo tiempo<\/p>\n","protected":false},"author":1,"featured_media":0,"parent":0,"menu_order":0,"comment_status":"closed","ping_status":"closed","template":"","meta":{"footnotes":""},"class_list":["post-85","page","type-page","status-publish","hentry"],"_links":{"self":[{"href":"https:\/\/peugeot605.es\/index.php?rest_route=\/wp\/v2\/pages\/85","targetHints":{"allow":["GET"]}}],"collection":[{"href":"https:\/\/peugeot605.es\/index.php?rest_route=\/wp\/v2\/pages"}],"about":[{"href":"https:\/\/peugeot605.es\/index.php?rest_route=\/wp\/v2\/types\/page"}],"author":[{"embeddable":true,"href":"https:\/\/peugeot605.es\/index.php?rest_route=\/wp\/v2\/users\/1"}],"replies":[{"embeddable":true,"href":"https:\/\/peugeot605.es\/index.php?rest_route=%2Fwp%2Fv2%2Fcomments&post=85"}],"version-history":[{"count":8,"href":"https:\/\/peugeot605.es\/index.php?rest_route=\/wp\/v2\/pages\/85\/revisions"}],"predecessor-version":[{"id":128,"href":"https:\/\/peugeot605.es\/index.php?rest_route=\/wp\/v2\/pages\/85\/revisions\/128"}],"wp:attachment":[{"href":"https:\/\/peugeot605.es\/index.php?rest_route=%2Fwp%2Fv2%2Fmedia&parent=85"}],"curies":[{"name":"wp","href":"https:\/\/api.w.org\/{rel}","templated":true}]}}